{"id":5536,"date":"2022-09-03T21:14:49","date_gmt":"2022-09-03T21:14:49","guid":{"rendered":"http:\/\/34.175.9.77\/klientsky-portal\/"},"modified":"2023-02-28T10:55:19","modified_gmt":"2023-02-28T10:55:19","slug":"klientsky-portal","status":"publish","type":"page","link":"https:\/\/yourwolfacademy.com\/sk\/klientsky-portal\/","title":{"rendered":"Klientsky port\u00e1l"},"content":{"rendered":"\t\t<div data-elementor-type=\"wp-page\" data-elementor-id=\"5536\" class=\"elementor elementor-5536 elementor-3697\" data-elementor-post-type=\"page\">\n\t\t\t\t\t\t<section class=\"elementor-section elementor-top-section elementor-element elementor-element-f28ecb0 elementor-section-full_width elementor-section-height-full elementor-section-items-top elementor-section-content-top elementor-section-stretched elementor-section-height-default\" data-id=\"f28ecb0\" data-element_type=\"section\" data-settings=\"{&quot;background_background&quot;:&quot;classic&quot;,&quot;stretch_section&quot;:&quot;section-stretched&quot;}\">\n\t\t\t\t\t\t<div class=\"elementor-container elementor-column-gap-default\">\n\t\t\t\t\t<div class=\"elementor-column elementor-col-100 elementor-top-column elementor-element elementor-element-e48aa80\" data-id=\"e48aa80\" data-element_type=\"column\">\n\t\t\t<div class=\"elementor-widget-wrap elementor-element-populated\">\n\t\t\t\t\t\t<section class=\"elementor-section elementor-inner-section elementor-element elementor-element-3c6a5dd elementor-section-full_width elementor-section-height-full elementor-section-height-default\" data-id=\"3c6a5dd\" data-element_type=\"section\">\n\t\t\t\t\t\t<div class=\"elementor-container elementor-column-gap-default\">\n\t\t\t\t\t<div class=\"elementor-column elementor-col-100 elementor-inner-column elementor-element elementor-element-4e0a8851\" data-id=\"4e0a8851\" data-element_type=\"column\">\n\t\t\t<div class=\"elementor-widget-wrap elementor-element-populated\">\n\t\t\t\t\t\t<div class=\"elementor-element elementor-element-d96371e elementor-invisible elementor-widget elementor-widget-pix-animated-heading\" data-id=\"d96371e\" data-element_type=\"widget\" data-widget_type=\"pix-animated-heading.default\">\n\t\t\t\t<div class=\"elementor-widget-container\">\n\t\t\t\t\t<div class=\"text-left \"><div><h4 class=\"pix-headline my-3  push text-white font-weight-bold   animate-in\" style=\"\" data-anim-type=\"fade-in-up\" data-anim-delay=\"200\" ><span>Vitajte sp\u00e4\u0165 <\/span><span class=\"pix-words-wrapper\"><span class=\"is-visible text-primary\" ><\/span> <\/span><span><\/span><\/h4><\/div><\/div>\t\t\t\t<\/div>\n\t\t\t\t<\/div>\n\t\t\t\t<div class=\"elementor-element elementor-element-2861768 elementor-widget elementor-widget-pix-vertical-tabs\" data-id=\"2861768\" data-element_type=\"widget\" data-widget_type=\"pix-vertical-tabs.default\">\n\t\t\t\t<div class=\"elementor-widget-container\">\n\t\t\t\t\t<div class=\"\"><div class=\"row pix-waiting pix_tabs_container\"><div class=\"col-12 col-md-4 d-inline-block\"><div class=\"sticky-top\" style=\"top:110px;\"><div class=\"nav pix_tabs_btns text-left flex-column nav-pills pix-pills-1 animate-in\" data-anim-type=\"fade-in-up\" data-anim-delay=\"1100\" role=\"tablist\" id=\"v-pills-tab\"  aria-orientation=\"vertical\" ><div class=\"nav-item\"><a class=\"nav-link pix-tabs-btn text-24 pix-px-25 py-2 my-2   \" data-id=\"5090390\" role=\"tab\" id=\"pix-tab-btn-5090390\" data-toggle=\"pill\" href=\"#pix-tab-5090390\"  aria-controls=\"pix-tab-5090390\"><strong><i class=\"pixicon-browser-analytics mr-2\"><\/i> Sign\u00e1ly<\/strong><\/a><\/div><div class=\"nav-item\"><a class=\"nav-link pix-tabs-btn text-24 pix-px-25 py-2 my-2   \" data-id=\"7810642\" role=\"tab\" id=\"pix-tab-btn-7810642\" data-toggle=\"pill\" href=\"#pix-tab-7810642\"  aria-controls=\"pix-tab-7810642\"><strong><i class=\"pixicon-media-player-1 mr-2\"><\/i> Webov\u00e9 semin\u00e1re<\/strong><\/a><\/div><div class=\"nav-item\"><a class=\"nav-link pix-tabs-btn text-24 pix-px-25 py-2 my-2   \" data-id=\"9260795\" role=\"tab\" id=\"pix-tab-btn-9260795\" data-toggle=\"pill\" href=\"#pix-tab-9260795\"  aria-controls=\"pix-tab-9260795\"><strong><i class=\"pixicon-messages-2 mr-2\"><\/i> Chatovacia miestnos\u0165<\/strong><\/a><\/div><div class=\"nav-item\"><a class=\"nav-link pix-tabs-btn text-24 pix-px-25 py-2 my-2   \" data-id=\"4718429\" role=\"tab\" id=\"pix-tab-btn-4718429\" data-toggle=\"pill\" href=\"#pix-tab-4718429\"  aria-controls=\"pix-tab-4718429\"><strong><i class=\"pixicon-video-camera-1 mr-2\"><\/i> Priamy prenos<\/strong><\/a><\/div><div class=\"nav-item\"><a class=\"nav-link pix-tabs-btn text-24 pix-px-25 py-2 my-2   \" data-id=\"6135514\" role=\"tab\" id=\"pix-tab-btn-6135514\" data-toggle=\"pill\" href=\"#pix-tab-6135514\"  aria-controls=\"pix-tab-6135514\"><strong><i class=\"pixicon-monitor-1 mr-2\"><\/i> Graf<\/strong><\/a><\/div><div class=\"nav-item\"><a class=\"nav-link pix-tabs-btn text-24 pix-px-25 py-2 my-2   \" data-id=\"2789700\" role=\"tab\" id=\"pix-tab-btn-2789700\" data-toggle=\"pill\" href=\"#pix-tab-2789700\"  aria-controls=\"pix-tab-2789700\"><strong><i class=\"pixicon-monitor-1 mr-2\"><\/i> Ekonomick\u00fd kalend\u00e1r<\/strong><\/a><\/div><\/div><\/div><\/div><div class=\"col-12 col-md-8 d-inline-block\"><div class=\"pix_tabs_content animate-in\" data-anim-type=\"fade-in-right\" data-anim-delay=\"1200\"><div class=\"tab-content text-left\"><div class=\"tab-pane  show \" role=\"tabpanel\" data-toggle2=\"tab\" id=\"pix-tab-5090390\" data-bold=\"\" data-italic=\"\" data-secondary=\"\" data-id=\"5090390\" data-icon=\"pixicon-browser-analytics\" data-title=\"Sign\u00e1ly\" aria-labelledby=\"pix-tab-5090390\"><div class=\"tradingview-widget-container\">\n<div class=\"tradingview-widget-container__widget\"><\/div>\n<script type=\"text\/javascript\" src=\"https:\/\/s3.tradingview.com\/external-embedding\/embed-widget-market-overview.js\" async=\"\">\n  {\n  \"colorTheme\": \"light\",\n  \"dateRange\": \"12M\",\n  \"showChart\": false,\n  \"locale\": \"en\",\n  \"largeChartUrl\": \"\",\n  \"isTransparent\": false,\n  \"showSymbolLogo\": true,\n  \"showFloatingTooltip\": false,\n  \"width\": \"100%\",\n  \"height\": \"250\",\n  \"plotLineColorGrowing\": \"rgba(10, 212, 10, 1)\",\n  \"plotLineColorFalling\": \"rgba(10, 212, 10, 1)\",\n  \"gridLineColor\": \"rgba(240, 243, 250, 0)\",\n  \"scaleFontColor\": \"rgba(120, 123, 134, 1)\",\n  \"belowLineFillColorGrowing\": \"rgba(41, 98, 255, 0.12)\",\n  \"belowLineFillColorFalling\": \"rgba(41, 98, 255, 0.12)\",\n  \"belowLineFillColorGrowingBottom\": \"rgba(41, 98, 255, 0)\",\n  \"belowLineFillColorFallingBottom\": \"rgba(41, 98, 255, 0)\",\n  \"symbolActiveColor\": \"rgba(19, 219, 93, 0.12)\",\n  \"tabs\": [\n    {\n      \"title\": \"Stocks\",\n      \"symbols\": [\n        {\n          \"s\": \"NASDAQ:TSLA\",\n          \"d\": \"Tesla\"\n        },\n        {\n          \"s\": \"NASDAQ:AAPL\",\n          \"d\": \"Apple\"\n        },\n        {\n          \"s\": \"NASDAQ:AMZN\",\n          \"d\": \"Amazon\"\n        },\n        {\n          \"s\": \"NASDAQ:NFLX\",\n          \"d\": \"Netflix\"\n        }\n      ],\n      \"originalTitle\": \"Futures\"\n    }\n  ]\n}\n  <\/script>\n\n<\/div><\/div><div class=\"tab-pane  show \" role=\"tabpanel\" data-toggle2=\"tab\" id=\"pix-tab-7810642\" data-bold=\"\" data-italic=\"\" data-secondary=\"\" data-id=\"7810642\" data-icon=\"pixicon-media-player-1\" data-title=\"Webov\u00e9 semin\u00e1re\" aria-labelledby=\"pix-tab-7810642\"><\/div><div class=\"tab-pane  show \" role=\"tabpanel\" data-toggle2=\"tab\" id=\"pix-tab-9260795\" data-bold=\"\" data-italic=\"\" data-secondary=\"\" data-id=\"9260795\" data-icon=\"pixicon-messages-2\" data-title=\"Chatovacia miestnos\u0165\" aria-labelledby=\"pix-tab-9260795\">[bp_better_messages_chat_room id=\"3793\"]<\/div><div class=\"tab-pane  show \" role=\"tabpanel\" data-toggle2=\"tab\" id=\"pix-tab-4718429\" data-bold=\"\" data-italic=\"\" data-secondary=\"\" data-id=\"4718429\" data-icon=\"pixicon-video-camera-1\" data-title=\"Priamy prenos\" aria-labelledby=\"pix-tab-4718429\"><p><img fetchpriority=\"high\" decoding=\"async\" class=\"alignnone wp-image-3716 size-full\" src=\"http:\/\/fct.academy\/wp-content\/uploads\/2022\/09\/Capture-1.jpg\" alt=\"\" width=\"1310\" height=\"753\" srcset=\"https:\/\/yourwolfacademy.com\/wp-content\/uploads\/2022\/09\/Capture-1.jpg 1310w, https:\/\/yourwolfacademy.com\/wp-content\/uploads\/2022\/09\/Capture-1-600x345.jpg 600w, https:\/\/yourwolfacademy.com\/wp-content\/uploads\/2022\/09\/Capture-1-300x172.jpg 300w, https:\/\/yourwolfacademy.com\/wp-content\/uploads\/2022\/09\/Capture-1-1024x589.jpg 1024w, https:\/\/yourwolfacademy.com\/wp-content\/uploads\/2022\/09\/Capture-1-768x441.jpg 768w\" sizes=\"(max-width: 1310px) 100vw, 1310px\" \/><\/p><\/div><div class=\"tab-pane  show \" role=\"tabpanel\" data-toggle2=\"tab\" id=\"pix-tab-6135514\" data-bold=\"\" data-italic=\"\" data-secondary=\"\" data-id=\"6135514\" data-icon=\"pixicon-monitor-1\" data-title=\"Graf\" aria-labelledby=\"pix-tab-6135514\"><!-- TradingView Widget BEGIN -->\n<div class=\"tradingview-widget-container\">\n<div id=\"technical-analysis-chart-demo\"><\/div>\n<div class=\"tradingview-widget-copyright\"><a href=\"https:\/\/www.tradingview.com\/symbols\/AAPL\/\" target=\"_blank\" rel=\"noopener\">\n  <span class=\"blue-text\">Graf AAPL<\/span>\n<\/a> pod\u013ea TradingView<\/div>\n<script type=\"text\/javascript\" src=\"https:\/\/s3.tradingview.com\/tv.js\"><\/script>\n<script type=\"text\/javascript\">\n  new TradingView.widget(\n  {\n  \"container_id\": \"technical-analysis-chart-demo\",\n  \"width\": \"100%\",\n  \"height\": \"500\",\n  \"autosize\": false,\n  \"symbol\": \"AAPL\",\n  \"interval\": \"D\",\n  \"timezone\": \"exchange\",\n  \"theme\": \"light\",\n  \"style\": \"1\",\n  \"toolbar_bg\": \"#f1f3f6\",\n  \"withdateranges\": true,\n  \"hide_side_toolbar\": false,\n  \"allow_symbol_change\": true,\n  \"save_image\": false,\n  \"studies\": [\n    \"ROC@tv-basicstudies\",\n    \"StochasticRSI@tv-basicstudies\",\n    \"MASimple@tv-basicstudies\"\n  ],\n  \"show_popup_button\": true,\n  \"popup_width\": \"100%\",\n  \"popup_height\": \"100%\",\n  \"locale\": \"en\"\n}\n  );\n  <\/script>\n\n<\/div>\n<!-- TradingView Widget END --><\/div><div class=\"tab-pane  show \" role=\"tabpanel\" data-toggle2=\"tab\" id=\"pix-tab-2789700\" data-bold=\"\" data-italic=\"\" data-secondary=\"\" data-id=\"2789700\" data-icon=\"pixicon-monitor-1\" data-title=\"Ekonomick\u00fd kalend\u00e1r\" aria-labelledby=\"pix-tab-2789700\"><div id=\"economicCalendarWidget\"><\/div>\n<script async=\"\" type=\"text\/javascript\" data-type=\"calendar-widget\" src=\"https:\/\/www.tradays.com\/c\/js\/widgets\/calendar\/widget.js?v=12\">\n  {\"width\":\"100%\",\"height\":\"500px\",\"mode\":\"2\"}\n<\/script>\n<\/div><\/div><\/div><\/div><\/div><\/div>\t\t\t\t<\/div>\n\t\t\t\t<\/div>\n\t\t\t\t<div class=\"elementor-element elementor-element-b97f1fe elementor-widget elementor-widget-spacer\" data-id=\"b97f1fe\" data-element_type=\"widget\" data-widget_type=\"spacer.default\">\n\t\t\t\t<div class=\"elementor-widget-container\">\n\t\t\t\t\t\t\t<div class=\"elementor-spacer\">\n\t\t\t<div class=\"elementor-spacer-inner\"><\/div>\n\t\t<\/div>\n\t\t\t\t\t\t<\/div>\n\t\t\t\t<\/div>\n\t\t\t\t\t<\/div>\n\t\t<\/div>\n\t\t\t\t\t<\/div>\n\t\t<\/section>\n\t\t\t\t\t<\/div>\n\t\t<\/div>\n\t\t\t\t\t<\/div>\n\t\t<\/section>\n\t\t\t\t<\/div>\n\t\t","protected":false},"excerpt":{"rendered":"<p>Vitajte sp\u00e4\u0165 Sign\u00e1ly Webov\u00e9 semin\u00e1re Chatovacia miestnos\u0165 Priamy prenos Graf Ekonomick\u00fd kalend\u00e1r [bp_better_messages_chat_room id=&#8221;3793&#8243;] Graf AAPL pod\u013ea TradingView<\/p>\n","protected":false},"author":20,"featured_media":0,"parent":0,"menu_order":0,"comment_status":"closed","ping_status":"closed","template":"","meta":{"footnotes":""},"class_list":["post-5536","page","type-page","status-publish","hentry"],"aioseo_notices":[],"_links":{"self":[{"href":"https:\/\/yourwolfacademy.com\/sk\/wp-json\/wp\/v2\/pages\/5536"}],"collection":[{"href":"https:\/\/yourwolfacademy.com\/sk\/wp-json\/wp\/v2\/pages"}],"about":[{"href":"https:\/\/yourwolfacademy.com\/sk\/wp-json\/wp\/v2\/types\/page"}],"author":[{"embeddable":true,"href":"https:\/\/yourwolfacademy.com\/sk\/wp-json\/wp\/v2\/users\/20"}],"replies":[{"embeddable":true,"href":"https:\/\/yourwolfacademy.com\/sk\/wp-json\/wp\/v2\/comments?post=5536"}],"version-history":[{"count":3,"href":"https:\/\/yourwolfacademy.com\/sk\/wp-json\/wp\/v2\/pages\/5536\/revisions"}],"predecessor-version":[{"id":5582,"href":"https:\/\/yourwolfacademy.com\/sk\/wp-json\/wp\/v2\/pages\/5536\/revisions\/5582"}],"wp:attachment":[{"href":"https:\/\/yourwolfacademy.com\/sk\/wp-json\/wp\/v2\/media?parent=5536"}],"curies":[{"name":"wp","href":"https:\/\/api.w.org\/{rel}","templated":true}]}}